{"id":434,"date":"2024-10-06T18:27:32","date_gmt":"2024-10-06T18:27:32","guid":{"rendered":"https:\/\/web.softestate.net\/?page_id=434"},"modified":"2024-10-09T03:06:48","modified_gmt":"2024-10-09T03:06:48","slug":"team","status":"publish","type":"page","link":"https:\/\/www.softestate.net\/fr\/team\/","title":{"rendered":"\u00c9quipe"},"content":{"rendered":"<p class=\"has-medium-font-size\">Softestate est g\u00e9r\u00e9 par REESOL, une soci\u00e9t\u00e9 de d\u00e9veloppement de cloud computing Amazon Web Services.  Notre \u00e9quipe comprend: un d\u00e9veloppeur d\u2019applications, un gestionnaire\/analyste de donn\u00e9es et un comptable\/teneur de livres.<\/p>\n\n\n\n<p class=\"has-medium-font-size\"><\/p>\n\n\n\n<p><\/p>","protected":false},"excerpt":{"rendered":"<p>Softestate is maintained by REESOL, an Amazon Web Services cloud computing development company. Our team includes: application developer, data manager\/analyst, and an accountant\/bookkeeper.<\/p>","protected":false},"author":1,"featured_media":0,"parent":0,"menu_order":0,"comment_status":"closed","ping_status":"closed","template":"","meta":{"footnotes":""},"class_list":["post-434","page","type-page","status-publish","hentry"],"_links":{"self":[{"href":"https:\/\/www.softestate.net\/fr\/wp-json\/wp\/v2\/pages\/434","targetHints":{"allow":["GET"]}}],"collection":[{"href":"https:\/\/www.softestate.net\/fr\/wp-json\/wp\/v2\/pages"}],"about":[{"href":"https:\/\/www.softestate.net\/fr\/wp-json\/wp\/v2\/types\/page"}],"author":[{"embeddable":true,"href":"https:\/\/www.softestate.net\/fr\/wp-json\/wp\/v2\/users\/1"}],"replies":[{"embeddable":true,"href":"https:\/\/www.softestate.net\/fr\/wp-json\/wp\/v2\/comments?post=434"}],"version-history":[{"count":8,"href":"https:\/\/www.softestate.net\/fr\/wp-json\/wp\/v2\/pages\/434\/revisions"}],"predecessor-version":[{"id":620,"href":"https:\/\/www.softestate.net\/fr\/wp-json\/wp\/v2\/pages\/434\/revisions\/620"}],"wp:attachment":[{"href":"https:\/\/www.softestate.net\/fr\/wp-json\/wp\/v2\/media?parent=434"}],"curies":[{"name":"wp","href":"https:\/\/api.w.org\/{rel}","templated":true}]}}