{"id":480,"date":"2024-10-06T21:16:59","date_gmt":"2024-10-06T21:16:59","guid":{"rendered":"https:\/\/web.softestate.net\/?page_id=480"},"modified":"2024-10-06T21:21:38","modified_gmt":"2024-10-06T21:21:38","slug":"terms-conditions","status":"publish","type":"page","link":"https:\/\/www.softestate.net\/fr\/terms-conditions\/","title":{"rendered":"Conditions G\u00e9n\u00e9rales"},"content":{"rendered":"<p><br>Conditions d'utilisation: En utilisant ce site Web, vous certifiez que vous avez lu et r\u00e9vis\u00e9 le pr\u00e9sent Accord et que vous acceptez de vous conformer \u00e0 ses termes. Si vous ne souhaitez pas \u00eatre li\u00e9 par les termes du pr\u00e9sent Contrat, il vous est conseill\u00e9 de cesser d'utiliser le site Web en cons\u00e9quence. <\/p>\n\n\n\n<p>Softestate-ReeSol n'accorde l'utilisation et l'acc\u00e8s \u00e0 ce site Web, \u00e0 ses produits et \u00e0 ses services qu'\u00e0 ceux qui ont accept\u00e9 ses conditions.<\/p>\n\n\n\n<p><br>Politique de confidentialit\u00e9<br>Avant de continuer \u00e0 utiliser notre site Web, nous vous conseillons de lire notre politique de confidentialit\u00e9 concernant notre collecte de donn\u00e9es utilisateur. Cela vous aidera \u00e0 mieux comprendre nos pratiques.<\/p>\n\n\n\n<p><br>Softestate-ReeSol n'assume aucune responsabilit\u00e9 pour les responsabilit\u00e9s li\u00e9es \u00e0 une fausse d\u00e9claration sur l'\u00e2ge.<\/p>\n\n\n\n<p><br>Propri\u00e9t\u00e9 intellectuelle<br>Vous acceptez que tous les documents, produits et services fournis sur ce site Web sont la propri\u00e9t\u00e9 de Softestate-ReeSol, de ses soci\u00e9t\u00e9s affili\u00e9es, administrateurs, dirigeants, employ\u00e9s, agents, fournisseurs ou conc\u00e9dants de licence, y compris tous les droits d'auteur, secrets commerciaux, marques commerciales, brevets et autres. propri\u00e9t\u00e9 intellectuelle. Vous acceptez \u00e9galement de ne pas reproduire ou redistribuer la propri\u00e9t\u00e9 intellectuelle de quelque mani\u00e8re que ce soit, y compris les enregistrements \u00e9lectroniques, num\u00e9riques ou de nouvelles marques.<\/p>\n\n\n\n<p><br>Comptes utilisateurs<br>En tant qu'utilisateur de ce site Web, il peut vous \u00eatre demand\u00e9 de vous inscrire aupr\u00e8s de nous et de fournir des informations priv\u00e9es. Vous \u00eates responsable de garantir l\u2019exactitude de ces informations et vous \u00eates responsable du maintien de la s\u00fbret\u00e9 et de la s\u00e9curit\u00e9 de vos informations d\u2019identification. Vous \u00eates \u00e9galement responsable de toutes les activit\u00e9s qui se produisent sous votre compte ou votre mot de passe. Si vous pensez qu'il existe des probl\u00e8mes possibles concernant la s\u00e9curit\u00e9 de votre compte sur le site Web, informez-nous imm\u00e9diatement afin que nous puissions les r\u00e9soudre en cons\u00e9quence. Nous nous r\u00e9servons tous les droits de r\u00e9silier des comptes, de modifier ou de supprimer du contenu et d'annuler des commandes \u00e0 notre seule discr\u00e9tion.<\/p>\n\n\n\n<p><br>Droit applicable<br>En utilisant ce site Web, vous acceptez que les lois de votre emplacement, sans \u00e9gard aux principes des lois sur les conflits, r\u00e9giront ces termes et conditions, ou tout litige de quelque nature que ce soit qui pourrait survenir entre Softestate-ReeSol et vous, ou ses partenaires commerciaux et associ\u00e9s.<\/p>\n\n\n\n<p><br>Litiges<br>Tout litige li\u00e9 de quelque mani\u00e8re que ce soit \u00e0 votre utilisation de ce site Web ou aux produits que vous achetez chez nous sera arbitr\u00e9 par le tribunal d'\u00c9tat ou f\u00e9d\u00e9ral de votre r\u00e9gion et votre consentement \u00e0 la comp\u00e9tence exclusive et au lieu de ces tribunaux.<\/p>\n\n\n\n<p><br>Indemnit\u00e9<br>Vous acceptez d'indemniser Softestate-ReeSol et ses soci\u00e9t\u00e9s affili\u00e9es et de d\u00e9gager Softestate-ReeSol de toute responsabilit\u00e9 contre les r\u00e9clamations et demandes l\u00e9gales pouvant d\u00e9couler de votre utilisation ou de la mauvaise utilisation de nos services. Nous nous r\u00e9servons le droit de s\u00e9lectionner notre propre conseiller juridique.<\/p>\n\n\n\n<p><br>Limitation de responsabilit\u00e9<br>Softestate-ReeSol n'est pas responsable des dommages qui pourraient vous survenir \u00e0 la suite d'une mauvaise utilisation de notre site Web.<\/p>\n\n\n\n<p><br>Softestate-ReeSol se r\u00e9serve le droit d'\u00e9diter, de modifier et de changer cet accord \u00e0 tout moment. Nous informerons nos utilisateurs de ces modifications par courrier \u00e9lectronique. Cet accord est un accord entre Softestate-ReeSol et l'utilisateur, et celui-ci annule et remplace tous les accords ant\u00e9rieurs concernant l'utilisation de ce site Web.<\/p>\n\n\n\n<p><\/p>","protected":false},"excerpt":{"rendered":"<p>Conditions of use: By using this website, you certify that you have read and reviewed this Agreement and that you agree to comply with its terms. If you do not want to be bound by the terms of this Agreement, you are advised to stop using the website accordingly. Softestate-ReeSol only grants use and access [&hellip;]<\/p>","protected":false},"author":1,"featured_media":0,"parent":0,"menu_order":0,"comment_status":"closed","ping_status":"closed","template":"","meta":{"footnotes":""},"class_list":["post-480","page","type-page","status-publish","hentry"],"_links":{"self":[{"href":"https:\/\/www.softestate.net\/fr\/wp-json\/wp\/v2\/pages\/480","targetHints":{"allow":["GET"]}}],"collection":[{"href":"https:\/\/www.softestate.net\/fr\/wp-json\/wp\/v2\/pages"}],"about":[{"href":"https:\/\/www.softestate.net\/fr\/wp-json\/wp\/v2\/types\/page"}],"author":[{"embeddable":true,"href":"https:\/\/www.softestate.net\/fr\/wp-json\/wp\/v2\/users\/1"}],"replies":[{"embeddable":true,"href":"https:\/\/www.softestate.net\/fr\/wp-json\/wp\/v2\/comments?post=480"}],"version-history":[{"count":3,"href":"https:\/\/www.softestate.net\/fr\/wp-json\/wp\/v2\/pages\/480\/revisions"}],"predecessor-version":[{"id":483,"href":"https:\/\/www.softestate.net\/fr\/wp-json\/wp\/v2\/pages\/480\/revisions\/483"}],"wp:attachment":[{"href":"https:\/\/www.softestate.net\/fr\/wp-json\/wp\/v2\/media?parent=480"}],"curies":[{"name":"wp","href":"https:\/\/api.w.org\/{rel}","templated":true}]}}