{"id":6,"date":"2024-08-18T19:19:18","date_gmt":"2024-08-18T19:19:18","guid":{"rendered":"http:\/\/web.softestate.net:9000\/?page_id=6"},"modified":"2024-10-08T12:25:21","modified_gmt":"2024-10-08T12:25:21","slug":"home","status":"publish","type":"page","link":"https:\/\/www.softestate.net\/fr\/home\/","title":{"rendered":"Histoire"},"content":{"rendered":"<p>Depuis 1995, nous servons des entreprises de taille moyenne en sous-traitance. Nos projets de d\u00e9veloppement de logiciels ont aid\u00e9 des entreprises comme Merck Frosst Canada, Howick Apparel Limited et, r\u00e9cemment, <a href=\"https:\/\/www.b-hinc.ca\/\">B&amp;H 9030-6812 Quebec Inc.<\/a>, pour ne citer que quelques-uns de nos clients pass\u00e9s et pr\u00e9sents.<\/p>\n\n\n\n<p><\/p>","protected":false},"excerpt":{"rendered":"<p>Since 1995 we have been serving mid sized businesses on a subcontractor basis. Our software development projects have helped companies like Merck Frosst Canada, Howick Apparel Limited, and recently, B&amp;H 9030-6812 Quebec Inc., to name a few of our past and present clients.<\/p>","protected":false},"author":1,"featured_media":0,"parent":0,"menu_order":0,"comment_status":"closed","ping_status":"closed","template":"","meta":{"footnotes":""},"class_list":["post-6","page","type-page","status-publish","hentry"],"_links":{"self":[{"href":"https:\/\/www.softestate.net\/fr\/wp-json\/wp\/v2\/pages\/6","targetHints":{"allow":["GET"]}}],"collection":[{"href":"https:\/\/www.softestate.net\/fr\/wp-json\/wp\/v2\/pages"}],"about":[{"href":"https:\/\/www.softestate.net\/fr\/wp-json\/wp\/v2\/types\/page"}],"author":[{"embeddable":true,"href":"https:\/\/www.softestate.net\/fr\/wp-json\/wp\/v2\/users\/1"}],"replies":[{"embeddable":true,"href":"https:\/\/www.softestate.net\/fr\/wp-json\/wp\/v2\/comments?post=6"}],"version-history":[{"count":12,"href":"https:\/\/www.softestate.net\/fr\/wp-json\/wp\/v2\/pages\/6\/revisions"}],"predecessor-version":[{"id":573,"href":"https:\/\/www.softestate.net\/fr\/wp-json\/wp\/v2\/pages\/6\/revisions\/573"}],"wp:attachment":[{"href":"https:\/\/www.softestate.net\/fr\/wp-json\/wp\/v2\/media?parent=6"}],"curies":[{"name":"wp","href":"https:\/\/api.w.org\/{rel}","templated":true}]}}