{"id":621,"date":"2024-10-09T03:10:40","date_gmt":"2024-10-09T03:10:40","guid":{"rendered":"https:\/\/www.softestate.net\/?page_id=621"},"modified":"2025-01-10T17:23:43","modified_gmt":"2025-01-10T17:23:43","slug":"pricing","status":"publish","type":"page","link":"https:\/\/www.softestate.net\/fr\/pricing\/","title":{"rendered":"Tarifs"},"content":{"rendered":"<p>\u00c0 partir de frais de service n\u00e9goci\u00e9s en USD\/mois pour une solution nano cl\u00e9 en main Softestate-YourBusiness, cela comprend une analyse et la configuration de vos besoins commerciaux en ligne et, par la suite, la maintenance mensuelle de votre syst\u00e8me cloud Amazon Web Services. Tout ajout de programmation de code au site Web de votre entreprise est factur\u00e9 \u00e0 un tarif fixe en USD\/heure. Les micro et petites solutions cl\u00e9 en main de Softestate-YourBusiness sont disponibles dans une fourchette de prix plus \u00e9lev\u00e9e.<\/p>\n\n\n\n<p>La configuration de base de Softestate-YourBusiness est une application d'entrepreneur personnalis\u00e9e qui comprend des contrats de service r\u00e9currents automatiques, des factures, des re\u00e7us et des rapports pour les entrepreneurs commerciaux de petite et moyenne taille.<\/p>\n\n\n\n<p>Une d\u00e9monstration de la configuration de Softestate-YourBusiness est disponible sur demande.<\/p>\n\n\n\n<p><a href=\"https:\/\/www.softestate.net\/fr\/technical-specifications\/\">Sp\u00e9cifications techniques<\/a><\/p>\n\n\n\n<p><\/p>","protected":false},"excerpt":{"rendered":"<p>Starting at a negotiated USD\/Month service fee for a Softestate-YourBusiness nano turnkey solution, this includes an analysis and setup of your online business needs and, afterwards, monthly maintenance of your Amazon Web Services cloud system. Any code programming additions to your business website are charged at a fixed USD\/hour rate. Softestate-YourBusiness micro and small turnkey [&hellip;]<\/p>","protected":false},"author":1,"featured_media":0,"parent":0,"menu_order":0,"comment_status":"closed","ping_status":"closed","template":"","meta":{"footnotes":""},"class_list":["post-621","page","type-page","status-publish","hentry"],"_links":{"self":[{"href":"https:\/\/www.softestate.net\/fr\/wp-json\/wp\/v2\/pages\/621","targetHints":{"allow":["GET"]}}],"collection":[{"href":"https:\/\/www.softestate.net\/fr\/wp-json\/wp\/v2\/pages"}],"about":[{"href":"https:\/\/www.softestate.net\/fr\/wp-json\/wp\/v2\/types\/page"}],"author":[{"embeddable":true,"href":"https:\/\/www.softestate.net\/fr\/wp-json\/wp\/v2\/users\/1"}],"replies":[{"embeddable":true,"href":"https:\/\/www.softestate.net\/fr\/wp-json\/wp\/v2\/comments?post=621"}],"version-history":[{"count":20,"href":"https:\/\/www.softestate.net\/fr\/wp-json\/wp\/v2\/pages\/621\/revisions"}],"predecessor-version":[{"id":819,"href":"https:\/\/www.softestate.net\/fr\/wp-json\/wp\/v2\/pages\/621\/revisions\/819"}],"wp:attachment":[{"href":"https:\/\/www.softestate.net\/fr\/wp-json\/wp\/v2\/media?parent=621"}],"curies":[{"name":"wp","href":"https:\/\/api.w.org\/{rel}","templated":true}]}}