{"id":638,"date":"2024-10-09T15:27:20","date_gmt":"2024-10-09T15:27:20","guid":{"rendered":"https:\/\/www.softestate.net\/?page_id=638"},"modified":"2024-10-19T17:06:42","modified_gmt":"2024-10-19T17:06:42","slug":"technical-specifications","status":"publish","type":"page","link":"https:\/\/www.softestate.net\/fr\/technical-specifications\/","title":{"rendered":"Sp\u00e9cifications Techniques"},"content":{"rendered":"<center><a href=\"https:\/\/aws.amazon.com\/what-is-cloud-computing\"><img decoding=\"async\" src=\"https:\/\/d0.awsstatic.com\/logos\/powered-by-aws.png\" alt=\"Powered by AWS Cloud Computing\"><\/a><\/center>\n\n\n\n<p>Depuis le 19 janvier 2022 notre mat\u00e9riel informatique est h\u00e9berg\u00e9 sur la plateforme cloud Amazon Web Services. Nous utilisons une pile RAMP (comme une pile LAMP: serveur web Linux, Apache ou NGINX, serveur de base de donn\u00e9es MySQL; et langage de programmation PHP\/Javascript) mais avec le syst\u00e8me d'exploitation hautement s\u00e9curis\u00e9 FreeBSD au lieu de Linux ou d'un serveur Microsoft Windows.<\/p>\n\n\n\n<ul class=\"wp-block-list\">\n<li class=\"has-small-font-size\">Instance Amazon EC2 t4g.nano\/micro\/small avec 18 Go de stockage gp2<\/li>\n\n\n\n<li class=\"has-small-font-size\">36 Gio de stockage de sauvegarde Amazon EBS Snapshot (standard et archiv\u00e9)<\/li>\n\n\n\n<li class=\"has-small-font-size\">Instances EC2 r\u00e9serv\u00e9es Unix de trois ans (convertibles)<\/li>\n\n\n\n<li class=\"has-small-font-size\">R\u00e9seau mondial de diffusion de contenu AWS CloudFront<\/li>\n\n\n\n<li class=\"has-small-font-size\">S\u00e9curit\u00e9\/pare-feu AWS<\/li>\n\n\n\n<li class=\"has-small-font-size\">Service de messagerie simple Amazon<\/li>\n\n\n\n<li class=\"has-small-font-size\">FreeBSD version 14 avec syst\u00e8me de fichiers ZFS (cr\u00e9\u00e9 par Sun Microsystems)&nbsp;<\/li>\n\n\n\n<li class=\"has-small-font-size\">Client SSH, console s\u00e9rie EC2 et gestionnaire de sessions pour les connexions \u00e0 distance<\/li>\n\n\n\n<li class=\"has-small-font-size\">PHP8.2 ; Serveur MySQL 10.2 ; WordPress 6.2 ; nginx 1.24.0<\/li>\n\n\n\n<li class=\"has-small-font-size\">Adresse IP AWS Elastic avec noms de domaine Squarespace<\/li>\n\n\n\n<li class=\"has-small-font-size\">G\u00e9n\u00e9ration automatique de certificats Certbot Https\/SSL<\/li>\n\n\n\n<li class=\"has-small-font-size\">Prise en charge multilingue<\/li>\n<\/ul>\n\n\n\n<pre class=\"wp-block-preformatted\"><\/pre>\n\n\n\n<p><\/p>","protected":false},"excerpt":{"rendered":"<p>Depuis le 19 janvier 2022 notre mat\u00e9riel informatique est h\u00e9berg\u00e9 sur la plateforme cloud Amazon Web Services. Nous utilisons une pile RAMP (comme une pile LAMP: serveur web Linux, Apache ou NGINX, serveur de base de donn\u00e9es MySQL; et langage de programmation PHP\/Javascript) mais avec le syst\u00e8me d'exploitation hautement s\u00e9curis\u00e9 FreeBSD au lieu de Linux ou d'un serveur Microsoft Windows.<\/p>","protected":false},"author":1,"featured_media":0,"parent":0,"menu_order":0,"comment_status":"closed","ping_status":"closed","template":"","meta":{"footnotes":""},"class_list":["post-638","page","type-page","status-publish","hentry"],"_links":{"self":[{"href":"https:\/\/www.softestate.net\/fr\/wp-json\/wp\/v2\/pages\/638","targetHints":{"allow":["GET"]}}],"collection":[{"href":"https:\/\/www.softestate.net\/fr\/wp-json\/wp\/v2\/pages"}],"about":[{"href":"https:\/\/www.softestate.net\/fr\/wp-json\/wp\/v2\/types\/page"}],"author":[{"embeddable":true,"href":"https:\/\/www.softestate.net\/fr\/wp-json\/wp\/v2\/users\/1"}],"replies":[{"embeddable":true,"href":"https:\/\/www.softestate.net\/fr\/wp-json\/wp\/v2\/comments?post=638"}],"version-history":[{"count":21,"href":"https:\/\/www.softestate.net\/fr\/wp-json\/wp\/v2\/pages\/638\/revisions"}],"predecessor-version":[{"id":690,"href":"https:\/\/www.softestate.net\/fr\/wp-json\/wp\/v2\/pages\/638\/revisions\/690"}],"wp:attachment":[{"href":"https:\/\/www.softestate.net\/fr\/wp-json\/wp\/v2\/media?parent=638"}],"curies":[{"name":"wp","href":"https:\/\/api.w.org\/{rel}","templated":true}]}}